{"id":230,"date":"2021-09-10T11:34:02","date_gmt":"2021-09-10T11:34:02","guid":{"rendered":"http:\/\/zastitazraka.imi.hr\/?page_id=230"},"modified":"2021-09-10T11:44:48","modified_gmt":"2021-09-10T11:44:48","slug":"politika-privatnosti","status":"publish","type":"page","link":"https:\/\/zastitazraka.imi.hr\/en\/politika-privatnosti\/","title":{"rendered":"POLITIKA PRIVATNOSTI"},"content":{"rendered":"<p>Za\u0161tita zraka 2021 pridaje osobitu pa\u017enju za\u0161titi osobnih podataka i privatnosti (dalje: za\u0161tita privatnosti) svojih korisnika u skladu sa va\u017ee\u0107im propisima i najboljom europskom praksom.<\/p>\n\n\n\n<p>Ovom politikom privatnosti (dalje: Politika)  Za\u0161tita zraka 2021  \u017eeli svojim korisnicima pru\u017eiti jasne informacije o obradi i za\u0161titi njihovih osobnih podataka u okviru usluga koje nudi.<\/p>\n\n\n\n<p>Politikom se ne umanjuju prava niti uspostavljaju obveze korisnika u odnosu na obradu osobnih podataka, a koje korisnici imaju temeljem va\u017ee\u0107ih propisa i mogu\u0107ih ugovornih odredbi o za\u0161titi osobnih podataka.<\/p>\n\n\n\n<p>Ova Politika odnosi se na sve posjetitelje  Za\u0161tita zraka 2021  mre\u017ene stranice.<\/p>\n\n\n\n<p>Osobni podatak je svaki podatak koji se odnosi na pojedinca \u010diji je identitet utvr\u0111en ili se mo\u017ee utvrditi; pojedinac \u010diji se identitet mo\u017ee utvrditi jest osoba koja se mo\u017ee identificirati izravno ili neizravno, osobito uz pomo\u0107 identifikatora kao \u0161to su ime, identifikacijski broj, podaci o lokaciji, mre\u017eni identifikator; ili uz pomo\u0107 jednog ili vi\u0161e \u010dimbenika svojstvenih za fizi\u010dki, fiziolo\u0161ki, genetski, mentalni, ekonomski, kulturni ili socijalni identitet tog pojedinca.<\/p>\n\n\n\n<p>Obrada osobnih podataka je svaki postupak ili skup postupaka koji se obavljaju nad osobnim podacima bilo automatiziranim bilo neautomatiziranim sredstvima kao \u0161to su prikupljanje, bilje\u017eenje, organizacija, strukturiranje, pohrana, prilagodba ili izmjena, pronala\u017eenje, obavljanje uvida, uporaba, otkrivanje prijenosom, \u0161irenjem ili stavljanjem na raspolaganje na drugi na\u010din, uskla\u0111ivanje ili kombiniranje, ograni\u010davanje, brisanje ili uni\u0161tavanje.<\/p>\n\n\n\n<p>Kako bi korisnicima na\u0161ih web-sjedi\u0161ta pru\u017eilo potrebne funkcionalnosti  Za\u0161tita zraka 2021  koristi kola\u010di\u0107e i\/ili druge uobi\u010dajene tehnike (dalje: kola\u010di\u0107i) koje prikupljaju odre\u0111ene podatke korisnika (npr. IP adresa s koje se pristupa web stranici, vrijeme spajanja itd.).<\/p>\n\n\n\n<p>Osobne podatke korisnika  Za\u0161tita zraka 2021  ne obra\u0111uje, ne proslje\u0111uje niti razmjenjuje s bilo kojim drugim pravnim ili fizi\u010dkim osobama.<\/p>\n\n\n\n<p>Korisnik ima, pod uvjetima iz Op\u0107e uredbe o za\u0161titi podataka, pravo na pristup svojim osobnim podacima koje NanoFaceS prikuplja, pravo na brisanje (zaborav), pravo na ograni\u010denje obrade, pravo na prigovor, pravo na prenosivost podataka te pravo na ispravak osobnih podataka, ukoliko su oni neispravni.<\/p>\n\n\n\n<p>Za sva pitanja vezana uz obradu podataka korisnik se mo\u017ee obratiti na kontakt adresu: info@huzz.hr.<\/p>\n\n\n\n<p>Na prikupljanje i obradu osobnih podataka korisnik ima pravo podnijeti prigovor nadzornom tijelu za za\u0161titu osobnih podataka u Republici Hrvatskoj.<\/p>\n\n\n\n<p>Ova Politika po\u010dinje se primjenjivati od 16. listopada 2020. godine.<\/p>","protected":false},"excerpt":{"rendered":"<p>Za\u0161tita zraka 2021 pridaje osobitu pa\u017enju za\u0161titi osobnih podataka i privatnosti (dalje: za\u0161tita privatnosti) svojih korisnika u skladu sa va\u017ee\u0107im propisima i najboljom europskom praksom. Ovom politikom privatnosti (dalje: Politika) Za\u0161tita zraka 2021 \u017eeli svojim korisnicima pru\u017eiti jasne informacije o obradi i za\u0161titi njihovih osobnih podataka u okviru usluga koje nudi. Politikom se ne umanjuju [&hellip;]<\/p>","protected":false},"author":1,"featured_media":0,"parent":0,"menu_order":0,"comment_status":"closed","ping_status":"closed","template":"","meta":{"footnotes":""},"class_list":["post-230","page","type-page","status-publish","hentry"],"_links":{"self":[{"href":"https:\/\/zastitazraka.imi.hr\/en\/wp-json\/wp\/v2\/pages\/230","targetHints":{"allow":["GET"]}}],"collection":[{"href":"https:\/\/zastitazraka.imi.hr\/en\/wp-json\/wp\/v2\/pages"}],"about":[{"href":"https:\/\/zastitazraka.imi.hr\/en\/wp-json\/wp\/v2\/types\/page"}],"author":[{"embeddable":true,"href":"https:\/\/zastitazraka.imi.hr\/en\/wp-json\/wp\/v2\/users\/1"}],"replies":[{"embeddable":true,"href":"https:\/\/zastitazraka.imi.hr\/en\/wp-json\/wp\/v2\/comments?post=230"}],"version-history":[{"count":0,"href":"https:\/\/zastitazraka.imi.hr\/en\/wp-json\/wp\/v2\/pages\/230\/revisions"}],"wp:attachment":[{"href":"https:\/\/zastitazraka.imi.hr\/en\/wp-json\/wp\/v2\/media?parent=230"}],"curies":[{"name":"wp","href":"https:\/\/api.w.org\/{rel}","templated":true}]}}