{"id":475,"date":"2023-02-08T15:54:01","date_gmt":"2023-02-08T15:54:01","guid":{"rendered":"https:\/\/zastitazraka.imi.hr\/?page_id=475"},"modified":"2025-01-08T10:40:52","modified_gmt":"2025-01-08T10:40:52","slug":"prva-obavijest","status":"publish","type":"page","link":"https:\/\/zastitazraka.imi.hr\/hr\/prva-obavijest\/","title":{"rendered":"PRVA OBAVIJEST"},"content":{"rendered":"\n<figure class=\"wp-block-gallery has-nested-images columns-default is-cropped wp-block-gallery-1 is-layout-flex wp-block-gallery-is-layout-flex\">\n<figure class=\"wp-block-image size-large is-style-default\"><img loading=\"lazy\" decoding=\"async\" width=\"1024\" height=\"683\" data-id=\"1271\" src=\"http:\/\/zastitazraka.imi.hr\/wp-content\/uploads\/2025\/01\/st-donatus-507024-1024x683.jpg\" alt=\"\" class=\"wp-image-1271\" srcset=\"https:\/\/zastitazraka.imi.hr\/wp-content\/uploads\/2025\/01\/st-donatus-507024-1024x683.jpg 1024w, https:\/\/zastitazraka.imi.hr\/wp-content\/uploads\/2025\/01\/st-donatus-507024-300x200.jpg 300w, https:\/\/zastitazraka.imi.hr\/wp-content\/uploads\/2025\/01\/st-donatus-507024-768x513.jpg 768w, https:\/\/zastitazraka.imi.hr\/wp-content\/uploads\/2025\/01\/st-donatus-507024-1536x1025.jpg 1536w, https:\/\/zastitazraka.imi.hr\/wp-content\/uploads\/2025\/01\/st-donatus-507024-2048x1367.jpg 2048w, https:\/\/zastitazraka.imi.hr\/wp-content\/uploads\/2025\/01\/st-donatus-507024-18x12.jpg 18w\" sizes=\"auto, (max-width: 1024px) 100vw, 1024px\" \/><\/figure>\n<\/figure>\n\n\n\n<figure class=\"wp-block-image is-style-default\"><img loading=\"lazy\" decoding=\"async\" width=\"358\" height=\"162\" src=\"https:\/\/zastitazraka.imi.hr\/wp-content\/uploads\/2023\/02\/image.png\" alt=\"\" class=\"wp-image-513\" srcset=\"https:\/\/zastitazraka.imi.hr\/wp-content\/uploads\/2023\/02\/image.png 358w, https:\/\/zastitazraka.imi.hr\/wp-content\/uploads\/2023\/02\/image-300x136.png 300w, https:\/\/zastitazraka.imi.hr\/wp-content\/uploads\/2023\/02\/image-18x8.png 18w\" sizes=\"auto, (max-width: 358px) 100vw, 358px\" \/><\/figure>\n\n\n\n<p class=\"has-text-align-center has-colibri-color-1-color has-text-color has-x-large-font-size\"><strong>\u201cZA\u0160TITA ZRAKA 2025\u201c<\/strong><\/p>\n\n\n\n<p class=\"has-text-align-center has-colibri-color-6-color has-text-color has-large-font-size\">ME\u0110UNARODNA KONFERENCIJA <br>I 14. HRVATSKI ZNANSTVENO &#8211; STRU\u010cNI SKUP<\/p>\n\n\n\n<figure class=\"wp-block-table aligncenter has-medium-font-size\"><table class=\"has-colibri-color-5-color has-colibri-color-1-background-color has-text-color has-background\"><tbody><tr><td class=\"has-text-align-center\" data-align=\"center\"><strong>ORGANIZATOR<\/strong><\/td><\/tr><\/tbody><\/table><figcaption class=\"wp-element-caption\"><strong><strong>HRVATSKO UDRU\u017dENJE ZA ZA\u0160TITU ZRAKA<\/strong><\/strong><\/figcaption><\/figure>\n\n\n\n<figure class=\"wp-block-table aligncenter has-medium-font-size\"><table class=\"has-colibri-color-5-color has-colibri-color-1-background-color has-text-color has-background\"><tbody><tr><td class=\"has-text-align-center\" data-align=\"center\"><strong>U SURADNJI S<\/strong><\/td><\/tr><\/tbody><\/table><figcaption class=\"wp-element-caption\">INSTITUTOM ZA MEDICINSKA ISTRA\u017dIVANJA I MEDICINU RADA &#8211; <strong>IMI<\/strong><br>DR\u017dAVNIM HIDROMETEOROLO\u0160KIM ZAVODOM &#8211; <strong>DHMZ<\/strong><br>EUROPEAN FEDERATION OF CLEAN AIR AND ENVIRONMENTAL PROTECTION ASSOCIATIONS \u2013 <strong>EFCA<\/strong><\/figcaption><\/figure>\n\n\n\n<figure class=\"wp-block-table aligncenter has-medium-font-size\"><table class=\"has-colibri-color-5-color has-colibri-color-1-background-color has-text-color has-background\"><tbody><tr><td class=\"has-text-align-center\" data-align=\"center\"><strong>TEME SKUPA<\/strong><\/td><\/tr><\/tbody><\/table><figcaption class=\"wp-element-caption\">1. Upravljanje kvalitetom zraka<br>2. Izvori one\u010di\u0161\u0107enja zraka i emisije<br>3. Pra\u0107enje kvalitete vanjskog zraka<br>4. Strojno u\u010denje i modeliranje kvalitete zraka<br>5. Razvoj i provjera mjernih metoda<br>6. Zdravstveni u\u010dinci one\u010di\u0161\u0107enja zraka<br>7. Kvaliteta zraka unutarnjih prostora, energetska u\u010dinkovitost i zdrave zgrade<br>8. Utjecaj one\u010di\u0161\u0107enja zraka na klimu i okoli\u0161<\/figcaption><\/figure>\n\n\n\n<figure class=\"wp-block-table aligncenter has-medium-font-size\"><table class=\"has-colibri-color-5-color has-colibri-color-1-background-color has-text-color has-background\"><tbody><tr><td class=\"has-text-align-center\" data-align=\"center\"><strong>VA\u017dNI DATUMI<\/strong><\/td><\/tr><\/tbody><\/table><\/figure>\n\n\n\n<figure class=\"wp-block-table aligncenter is-style-stripes\"><table><tbody><tr><td class=\"has-text-align-center\" data-align=\"center\">Online registracija<\/td><td>od 7. travnja 2025.<\/td><\/tr><tr><td class=\"has-text-align-center\" data-align=\"center\">Rezervacija hotela<\/td><td>od 7. travnja 2025.<\/td><\/tr><tr><td class=\"has-text-align-center\" data-align=\"center\">Rok za predaju sa\u017eetaka<\/td><td>do 2. svibnja 2025.<\/td><\/tr><tr><td class=\"has-text-align-center\" data-align=\"center\">Obavijest o prihva\u0107anju sa\u017eetka<\/td><td>do 2. lipnja 2025.<\/td><\/tr><\/tbody><\/table><\/figure>\n\n\n\n<figure class=\"wp-block-table aligncenter has-medium-font-size\"><table class=\"has-colibri-color-5-color has-colibri-color-1-background-color has-text-color has-background\"><tbody><tr><td class=\"has-text-align-center\" data-align=\"center\"><strong>MJESTO ODR\u017dAVANJA<\/strong><\/td><\/tr><\/tbody><\/table><figcaption class=\"wp-element-caption\">Hotel Kolovare, Zadar, HRVATSKA<\/figcaption><\/figure>\n\n\n\n<figure class=\"wp-block-table aligncenter has-medium-font-size\"><table class=\"has-colibri-color-5-color has-colibri-color-1-background-color has-text-color has-background\"><tbody><tr><td class=\"has-text-align-center\" data-align=\"center\"><strong>NA\u010cIN ODVIJANJA SKUPA<\/strong><\/td><\/tr><\/tbody><\/table><figcaption class=\"wp-element-caption\">Konferencija \u0107e biti organizirana u\u017eivo. <br>Sve prezentacije i posteri trebaju biti pripremljeni na engleskom jeziku.<br>&nbsp;<br>Jezici prezentiranja: engleski i hrvatski<\/figcaption><\/figure>\n\n\n\n<figure class=\"wp-block-table aligncenter has-medium-font-size\"><table class=\"has-colibri-color-5-color has-colibri-color-1-background-color has-text-color has-background\"><tbody><tr><td class=\"has-text-align-center\" data-align=\"center\"><strong>OBAVIJEST ZA SUDIONIKE SKUPA<\/strong><\/td><\/tr><\/tbody><\/table><figcaption class=\"wp-element-caption\"><strong>PRISTOJBA<\/strong><br><br>Obavje\u0161tavamo vas da kotizacija trenutno iznosi 450 \u20ac za sve sudionike. <br>Imajte na umu da \u0107e nakon 1. rujna kotizacija porasti na 550 \u20ac.<br><br>Za osobe u pratnji kotizacija iznosi 200\u20ac.<br><br><strong>VI\u0160E INFORMACIJA NA:<\/strong><br>https:\/\/zastitazraka.imi.hr\/hr\/<\/figcaption><\/figure>\n\n\n\n<div class=\"wp-block-buttons is-layout-flex wp-block-buttons-is-layout-flex\">\n<div class=\"wp-block-button\"><a class=\"wp-block-button__link wp-element-button\" href=\"http:\/\/zastitazraka.imi.hr\/wp-content\/uploads\/2025\/01\/I.-announcement_AIR-PROTECTION-2025_final.pdf\">I. obavijest \/ 1st announcement<\/a><\/div>\n<\/div>\n\n\n\n<p><\/p>\n\n\n\n<div class=\"wp-block-buttons is-layout-flex wp-block-buttons-is-layout-flex\"><\/div>\n","protected":false},"excerpt":{"rendered":"<p>\u201cZA\u0160TITA ZRAKA 2025\u201c ME\u0110UNARODNA KONFERENCIJA I 14. HRVATSKI ZNANSTVENO &#8211; STRU\u010cNI SKUP ORGANIZATOR HRVATSKO UDRU\u017dENJE ZA ZA\u0160TITU ZRAKA U SURADNJI S INSTITUTOM ZA MEDICINSKA ISTRA\u017dIVANJA I MEDICINU RADA &#8211; IMIDR\u017dAVNIM HIDROMETEOROLO\u0160KIM ZAVODOM &#8211; DHMZEUROPEAN FEDERATION OF CLEAN AIR AND ENVIRONMENTAL PROTECTION ASSOCIATIONS \u2013 EFCA TEME SKUPA 1. Upravljanje kvalitetom zraka2. Izvori one\u010di\u0161\u0107enja zraka i emisije3. [&hellip;]<\/p>\n","protected":false},"author":2,"featured_media":0,"parent":0,"menu_order":0,"comment_status":"closed","ping_status":"closed","template":"","meta":{"footnotes":""},"class_list":["post-475","page","type-page","status-publish","hentry"],"_links":{"self":[{"href":"https:\/\/zastitazraka.imi.hr\/hr\/wp-json\/wp\/v2\/pages\/475","targetHints":{"allow":["GET"]}}],"collection":[{"href":"https:\/\/zastitazraka.imi.hr\/hr\/wp-json\/wp\/v2\/pages"}],"about":[{"href":"https:\/\/zastitazraka.imi.hr\/hr\/wp-json\/wp\/v2\/types\/page"}],"author":[{"embeddable":true,"href":"https:\/\/zastitazraka.imi.hr\/hr\/wp-json\/wp\/v2\/users\/2"}],"replies":[{"embeddable":true,"href":"https:\/\/zastitazraka.imi.hr\/hr\/wp-json\/wp\/v2\/comments?post=475"}],"version-history":[{"count":0,"href":"https:\/\/zastitazraka.imi.hr\/hr\/wp-json\/wp\/v2\/pages\/475\/revisions"}],"wp:attachment":[{"href":"https:\/\/zastitazraka.imi.hr\/hr\/wp-json\/wp\/v2\/media?parent=475"}],"curies":[{"name":"wp","href":"https:\/\/api.w.org\/{rel}","templated":true}]}}