{"id":479,"date":"2023-02-08T15:54:01","date_gmt":"2023-02-08T15:54:01","guid":{"rendered":"https:\/\/zastitazraka.imi.hr\/?page_id=479"},"modified":"2025-04-11T09:09:09","modified_gmt":"2025-04-11T09:09:09","slug":"smjestaj","status":"publish","type":"page","link":"https:\/\/zastitazraka.imi.hr\/hr\/smjestaj\/","title":{"rendered":"SMJE\u0160TAJ"},"content":{"rendered":"\n<p class=\"has-colibri-color-1-color has-text-color has-large-font-size\">Hotel Kolovare <br>Bo\u017ee Peri\u010di\u0107a 14,<br>23 000 Zadar, Croatia<\/p>\n\n\n\n<figure class=\"wp-block-gallery has-nested-images columns-default is-cropped wp-block-gallery-1 is-layout-flex wp-block-gallery-is-layout-flex\">\n<figure class=\"wp-block-image size-large\"><img loading=\"lazy\" decoding=\"async\" width=\"1024\" height=\"576\" data-id=\"1276\" src=\"https:\/\/zastitazraka.imi.hr\/wp-content\/uploads\/2025\/01\/pexels-deluca-g-412104326-17218261-1-1024x576.jpg\" alt=\"\" class=\"wp-image-1276\" srcset=\"https:\/\/zastitazraka.imi.hr\/wp-content\/uploads\/2025\/01\/pexels-deluca-g-412104326-17218261-1-1024x576.jpg 1024w, https:\/\/zastitazraka.imi.hr\/wp-content\/uploads\/2025\/01\/pexels-deluca-g-412104326-17218261-1-300x169.jpg 300w, https:\/\/zastitazraka.imi.hr\/wp-content\/uploads\/2025\/01\/pexels-deluca-g-412104326-17218261-1-768x432.jpg 768w, https:\/\/zastitazraka.imi.hr\/wp-content\/uploads\/2025\/01\/pexels-deluca-g-412104326-17218261-1-1536x864.jpg 1536w, https:\/\/zastitazraka.imi.hr\/wp-content\/uploads\/2025\/01\/pexels-deluca-g-412104326-17218261-1-2048x1152.jpg 2048w, https:\/\/zastitazraka.imi.hr\/wp-content\/uploads\/2025\/01\/pexels-deluca-g-412104326-17218261-1-18x10.jpg 18w\" sizes=\"auto, (max-width: 1024px) 100vw, 1024px\" \/><\/figure>\n<\/figure>\n\n\n\n<p class=\"has-medium-font-size\">Link na slu\u017ebene stranice hotela preko koje \u0107e se vr\u0161iti rezervacije <strong>samo oni sudionici koji \u0107e platiti smje\u0161taj na recepciji<\/strong>: <a href=\"https:\/\/hotel-kolovare.com\/\"><mark style=\"background-color:rgba(0, 0, 0, 0)\" class=\"has-inline-color has-colibri-color-1-color\"><strong>https:\/\/hotel-kolovare.com\/<\/strong><\/mark><\/a><br><br>Promo kod koji je potrebno ukucati i koji sadr\u017ei posebne cijene za ovu konferenciju glasi: <strong><mark style=\"background-color:rgba(0, 0, 0, 0)\" class=\"has-inline-color has-colibri-color-1-color\">AIR2025<\/mark><\/strong>.<\/p>\n\n\n\n<p class=\"has-text-align-left has-medium-font-size\"><strong>Sudionici koji \u017eele platiti unaprijed po ponudi (predra\u010dunu) trebaju poslati upit na  e-mail sa podacima o firmi (ime, adresa i OIB).<\/strong><\/p>\n\n\n\n<p class=\"has-medium-font-size\">Za dodatna pitanja kontakt je <strong><mark style=\"background-color:rgba(0, 0, 0, 0)\" class=\"has-inline-color has-colibri-color-3-color\">Domagoj Cvitanovi\u0107 <\/mark><\/strong><br>e-mail: <mark style=\"background-color:rgba(0, 0, 0, 0)\" class=\"has-inline-color has-colibri-color-3-color\"><strong>domagoj.cvitanovic@hoteli-zadar.hr<\/strong><\/mark> <br>ili na telefon: <strong><mark style=\"background-color:rgba(0, 0, 0, 0)\" class=\"has-inline-color has-colibri-color-3-color\">00 385 23 203 502<\/mark><\/strong><\/p>\n\n\n\n<p><\/p>\n\n\n","protected":false},"excerpt":{"rendered":"<p>Hotel Kolovare Bo\u017ee Peri\u010di\u0107a 14,23 000 Zadar, Croatia Link na slu\u017ebene stranice hotela preko koje \u0107e se vr\u0161iti rezervacije samo oni sudionici koji \u0107e platiti smje\u0161taj na recepciji: https:\/\/hotel-kolovare.com\/ Promo kod koji je potrebno ukucati i koji sadr\u017ei posebne cijene za ovu konferenciju glasi: AIR2025. Sudionici koji \u017eele platiti unaprijed po ponudi (predra\u010dunu) trebaju poslati [&hellip;]<\/p>\n","protected":false},"author":2,"featured_media":0,"parent":0,"menu_order":0,"comment_status":"closed","ping_status":"closed","template":"","meta":{"footnotes":"[]"},"class_list":["post-479","page","type-page","status-publish","hentry"],"_links":{"self":[{"href":"https:\/\/zastitazraka.imi.hr\/hr\/wp-json\/wp\/v2\/pages\/479","targetHints":{"allow":["GET"]}}],"collection":[{"href":"https:\/\/zastitazraka.imi.hr\/hr\/wp-json\/wp\/v2\/pages"}],"about":[{"href":"https:\/\/zastitazraka.imi.hr\/hr\/wp-json\/wp\/v2\/types\/page"}],"author":[{"embeddable":true,"href":"https:\/\/zastitazraka.imi.hr\/hr\/wp-json\/wp\/v2\/users\/2"}],"replies":[{"embeddable":true,"href":"https:\/\/zastitazraka.imi.hr\/hr\/wp-json\/wp\/v2\/comments?post=479"}],"version-history":[{"count":0,"href":"https:\/\/zastitazraka.imi.hr\/hr\/wp-json\/wp\/v2\/pages\/479\/revisions"}],"wp:attachment":[{"href":"https:\/\/zastitazraka.imi.hr\/hr\/wp-json\/wp\/v2\/media?parent=479"}],"curies":[{"name":"wp","href":"https:\/\/api.w.org\/{rel}","templated":true}]}}