{"id":610,"date":"2023-03-28T12:10:41","date_gmt":"2023-03-28T12:10:41","guid":{"rendered":"https:\/\/zastitazraka.imi.hr\/?page_id=610"},"modified":"2025-09-30T16:09:43","modified_gmt":"2025-09-30T16:09:43","slug":"odbori","status":"publish","type":"page","link":"https:\/\/zastitazraka.imi.hr\/hr\/odbori\/","title":{"rendered":"ODBORI"},"content":{"rendered":"<div data-colibri-id=\"610-c1\" class=\"style-243 style-local-610-c1 position-relative\">\n  <!---->\n  <div data-colibri-component=\"section\" data-colibri-id=\"610-c2\" id=\"overlappable\" class=\"h-section h-section-global-spacing d-flex align-items-lg-center align-items-md-center align-items-center style-254 style-local-610-c2 position-relative\">\n    <!---->\n    <!---->\n    <div class=\"h-section-grid-container h-section-boxed-container\">\n      <!---->\n      <div data-colibri-id=\"610-c3\" class=\"h-row-container gutters-row-lg-2 gutters-row-md-0 gutters-row-2 gutters-row-v-lg-2 gutters-row-v-md-0 gutters-row-v-2 style-255 style-local-610-c3 position-relative\">\n        <!---->\n        <div class=\"h-row justify-content-lg-center justify-content-md-center justify-content-center align-items-lg-stretch align-items-md-stretch align-items-stretch gutters-col-lg-2 gutters-col-md-0 gutters-col-2 gutters-col-v-lg-2 gutters-col-v-md-0 gutters-col-v-2\">\n          <!---->\n          <div class=\"h-column h-column-container d-flex h-col-lg-4 h-col-md-4 h-col-12 style-256-outer style-local-610-c4-outer\">\n            <div data-colibri-id=\"610-c4\" class=\"d-flex h-flex-basis h-column__inner h-px-lg-2 h-px-md-3 h-px-2 v-inner-lg-0 v-inner-md-3 v-inner-2 style-256 style-local-610-c4 position-relative\">\n              <!---->\n              <!---->\n              <div class=\"w-100 h-y-container h-column__content h-column__v-align flex-basis-100 align-self-lg-start align-self-md-start align-self-start\">\n                <!---->\n                <div data-colibri-id=\"610-c5\" class=\"h-icon style-257 style-local-610-c5 position-relative h-element\">\n                  <!----><span class=\"h-svg-icon h-icon__icon style-257-icon style-local-610-c5-icon\"><!--Icon by Font Awesome (https:\/\/fontawesome.com)-->\n    <svg version=\"1.1\" xmlns=\"http:\/\/www.w3.org\/2000\/svg\" xmlns:xlink=\"http:\/\/www.w3.org\/1999\/xlink\" id=\"book\" viewBox=\"0 0 1664 1896.0833\">\n      <path d=\"M1639 478q40 57 18 129l-275 906q-19 64-76.5 107.5T1183 1664H260q-77 0-148.5-53.5T12 1479q-24-67-2-127 0-4 3-27t4-37q1-8-3-21.5t-3-19.5q2-11 8-21t16.5-23.5T52 1179q23-38 45-91.5t30-91.5q3-10 .5-30t-.5-28q3-11 17-28t17-23q21-36 42-92t25-90q1-9-2.5-32t.5-28q4-13 22-30.5t22-22.5q19-26 42.5-84.5T340 411q1-8-3-25.5t-2-26.5q2-8 9-18t18-23 17-21q8-12 16.5-30.5t15-35 16-36 19.5-32 26.5-23.5 36-11.5T556 134l-1 3q38-9 51-9h761q74 0 114 56t18 130l-274 906q-36 119-71.5 153.5T1025 1408H156q-27 0-38 15-11 16-1 43 24 70 144 70h923q29 0 56-15.5t35-41.5l300-987q7-22 5-57 38 15 59 43zm-1064 2q-4 13 2 22.5t20 9.5h608q13 0 25.5-9.5T1247 480l21-64q4-13-2-22.5t-20-9.5H638q-13 0-25.5 9.5T596 416zm-83 256q-4 13 2 22.5t20 9.5h608q13 0 25.5-9.5T1164 736l21-64q4-13-2-22.5t-20-9.5H555q-13 0-25.5 9.5T513 672z\"><\/path>\n    <\/svg><\/span><\/div>\n                <div data-colibri-id=\"610-c6\" class=\"h-global-transition-all h-heading style-258 style-local-610-c6 position-relative h-element\">\n                  <!---->\n                  <div class=\"h-heading__outer style-258 style-local-610-c6\">\n                    <!---->\n                    <!---->\n                    <h2 class=\"\">ZNANSTVENI ODBOR<\/h2>\n                  <\/div>\n                <\/div>\n                <div data-colibri-id=\"610-c7\" class=\"h-text h-text-component style-259 style-local-610-c7 position-relative h-element\">\n                  <!---->\n                  <!---->\n                  <div class=\"\">\n                    <p>Gordana PEHNEC&nbsp;<span style=\"color: rgb(9, 33, 42); font-family: &quot;Open Sans&quot;; font-size: 16px; font-weight: 400;\">&#8211; predsjednica<\/span>\n                      <br>IMI, Hrvatska<\/p>\n                    <p>Pasquale AVINO\n                      <br>University of Molise, Italija\n                      <br>\n                    <\/p>\n                    <p>Darijo BRZOJA\n                      <br>DHMZ, Hrvatska\n                      <br>\n                    <\/p>\n                    <p>Konstantinos ELEFTHERIADIS\n                      <br>NCSR Demokritos, Gr\u010dka\n                      <br>\n                    <\/p>\n                    <p>Goran GAJSKI\n                      <br> IMI, Hrvatska\n                      <br>\n                    <\/p>\n                    <p>Selahattin INCECIK\n                      <br>Istanbul Technical University, Turska\n                      <br>\n                    <\/p>\n                    <p>Mario LOVRI\u0106\n                      <br>Know-Center, Austrija\n                      <br>\n                    <\/p>\n                    <p>Marijana MATEK SARI\u0106\n                      <br>Sveu\u010dili\u0161te u Zadru &#8211; Odjel za zdravstvene studije, Hrvatska\n                      <br>\n                    <\/p>\n                    <p>Young SUNWOO\n                      <br>Konkuk University, Ju\u017ena Koreja<\/p>\n                    <p style=\"cursor: text;\">Martine VAN POPPEL\n                      <br>VITO, Belgija<\/p>\n                    <p>Bojana \u017dEGURA\n                      <br>National Institute of Biology, Slovenija<\/p>\n                  <\/div>\n                <\/div>\n              <\/div>\n            <\/div>\n          <\/div>\n          <div class=\"h-column h-column-container d-flex h-col-lg-4 h-col-md-4 h-col-12 style-256-outer style-local-610-c8-outer\">\n            <div data-colibri-id=\"610-c8\" class=\"d-flex h-flex-basis h-column__inner h-px-lg-2 h-px-md-3 h-px-2 v-inner-lg-0 v-inner-md-3 v-inner-2 style-256 style-local-610-c8 position-relative\">\n              <!---->\n              <!---->\n              <div class=\"w-100 h-y-container h-column__content h-column__v-align flex-basis-100 align-self-lg-start align-self-md-start align-self-start\">\n                <!---->\n                <div data-colibri-id=\"610-c9\" class=\"h-icon style-257 style-local-610-c9 position-relative h-element\">\n                  <!----><span class=\"h-svg-icon h-icon__icon style-257-icon style-local-610-c9-icon\"><!--Icon by Font Awesome (https:\/\/fontawesome.com)-->\n    <svg version=\"1.1\" xmlns=\"http:\/\/www.w3.org\/2000\/svg\" xmlns:xlink=\"http:\/\/www.w3.org\/1999\/xlink\" id=\"gears\" viewBox=\"0 0 1920 1896.0833\">\n      <path d=\"M896 896q0-106-75-181t-181-75-181 75-75 181 75 181 181 75 181-75 75-181zm768 512q0-52-38-90t-90-38-90 38-38 90q0 53 37.5 90.5t90.5 37.5 90.5-37.5 37.5-90.5zm0-1024q0-52-38-90t-90-38-90 38-38 90q0 53 37.5 90.5T1536 512t90.5-37.5T1664 384zm-384 421v185q0 10-7 19.5t-16 10.5l-155 24q-11 35-32 76 34 48 90 115 7 11 7 20 0 12-7 19-23 30-82.5 89.5T999 1423q-11 0-21-7l-115-90q-37 19-77 31-11 108-23 155-7 24-30 24H547q-11 0-20-7.5t-10-17.5l-23-153q-34-10-75-31l-118 89q-7 7-20 7-11 0-21-8-144-133-144-160 0-9 7-19 10-14 41-53t47-61q-23-44-35-82l-152-24q-10-1-17-9.5T0 987V802q0-10 7-19.5T23 772l155-24q11-35 32-76-34-48-90-115-7-11-7-20 0-12 7-20 22-30 82-89t79-59q11 0 21 7l115 90q34-18 77-32 11-108 23-154 7-24 30-24h186q11 0 20 7.5t10 17.5l23 153q34 10 75 31l118-89q8-7 20-7 11 0 21 8 144 133 144 160 0 8-7 19-12 16-42 54t-45 60q23 48 34 82l152 23q10 2 17 10.5t7 19.5zm640 533v140q0 16-149 31-12 27-30 52 51 113 51 138 0 4-4 7-122 71-124 71-8 0-46-47t-52-68q-20 2-30 2t-30-2q-14 21-52 68t-46 47q-2 0-124-71-4-3-4-7 0-25 51-138-18-25-30-52-149-15-149-31v-140q0-16 149-31 13-29 30-52-51-113-51-138 0-4 4-7 4-2 35-20t59-34 30-16q8 0 46 46.5t52 67.5q20-2 30-2t30 2q51-71 92-112l6-2q4 0 124 70 4 3 4 7 0 25-51 138 17 23 30 52 149 15 149 31zm0-1024v140q0 16-149 31-12 27-30 52 51 113 51 138 0 4-4 7-122 71-124 71-8 0-46-47t-52-68q-20 2-30 2t-30-2q-14 21-52 68t-46 47q-2 0-124-71-4-3-4-7 0-25 51-138-18-25-30-52-149-15-149-31V314q0-16 149-31 13-29 30-52-51-113-51-138 0-4 4-7 4-2 35-20t59-34 30-16q8 0 46 46.5t52 67.5q20-2 30-2t30 2q51-71 92-112l6-2q4 0 124 70 4 3 4 7 0 25-51 138 17 23 30 52 149 15 149 31z\"><\/path>\n    <\/svg><\/span><\/div>\n                <div data-colibri-id=\"610-c10\" class=\"h-global-transition-all h-heading style-258 style-local-610-c10 position-relative h-element\">\n                  <!---->\n                  <div class=\"h-heading__outer style-258 style-local-610-c10\">\n                    <!---->\n                    <!---->\n                    <h2 class=\"\">ORGANIZACIJSKI ODBOR<\/h2>\n                  <\/div>\n                <\/div>\n                <div data-colibri-id=\"610-c11\" class=\"h-text h-text-component style-259 style-local-610-c11 position-relative h-element\">\n                  <!---->\n                  <!---->\n                  <div class=\"\">\n                    <p>Ranka GODEC&nbsp;<span style=\"font-weight: 400; font-size: 16px; font-family: &quot;Open Sans&quot;; color: rgb(9, 33, 42);\">&#8211; predsjednica<\/span>\n                      <br>IMI, Hrvatska<\/p>\n                    <p>Silvije DAVILA\n                      <br>IMI, Hrvatska<\/p>\n                    <p>Ivana HRGA\n                      <br>NZJZ \u201eDr. Andrija \u0160tampar\u201c, Hrvatska<\/p>\n                    <p>Ivana JAKOVLJEVI\u0106\n                      <br>IMI, Hrvatska\n                      <br>\n                    <\/p>\n                    <p>Marija Jelena LOVRI\u0106 \u0160TEFI\u010cEK\n                      <br>IMI, Hrvatska<\/p>\n                    <p>Velimir MILI\u0106\n                      <br>DHMZ, Hrvatska<\/p>\n                    <p>Marija OPA\u010cAK EROR\n                      <br>Sveu\u010dili\u0161te u Zadru &#8211; Odjel za ekonimiju i Odjel za turizam i komunikacijske znanosti, Hrvatska<\/p>\n                    <p>Branko PETRINEC\n                      <br>IMI, Hrvatska<\/p>\n                    <p>Gordana PR\u0160LJA\n                      <br>IMI, Hrvatska<\/p>\n                    <p>Jasmina RINKOVEC\n                      <br>IMI, Hrvatska<\/p>\n                    <p>Vedran VA\u0110I\u0106\n                      <br>EKONERG d.o.o., Hrvatska<\/p>\n                    <p style=\"cursor: text;\">\u017deljka ZGORELEC\n                      <br>Sveu\u010dili\u0161te u Zagrebu &#8211; Agronomski fakultet, Hrvatska<\/p>\n                  <\/div>\n                <\/div>\n              <\/div>\n            <\/div>\n          <\/div>\n          <div class=\"h-column h-column-container d-flex h-col-lg-4 h-col-md-4 h-col-12 style-256-outer style-local-610-c12-outer\">\n            <div data-colibri-id=\"610-c12\" class=\"d-flex h-flex-basis h-column__inner h-px-lg-2 h-px-md-3 h-px-2 v-inner-lg-0 v-inner-md-3 v-inner-2 style-256 style-local-610-c12 position-relative\">\n              <!---->\n              <!---->\n              <div class=\"w-100 h-y-container h-column__content h-column__v-align flex-basis-100 align-self-lg-start align-self-md-start align-self-start\">\n                <!---->\n                <div data-colibri-id=\"610-c13\" class=\"h-icon style-257 style-local-610-c13 position-relative h-element\">\n                  <!----><span class=\"h-svg-icon h-icon__icon style-257-icon style-local-610-c13-icon\"><!--Icon by Font Awesome (https:\/\/fontawesome.com)-->\n    <svg version=\"1.1\" xmlns=\"http:\/\/www.w3.org\/2000\/svg\" xmlns:xlink=\"http:\/\/www.w3.org\/1999\/xlink\" id=\"group\" viewBox=\"0 0 1920 1896.0833\">\n      <path d=\"M593 896q-162 5-265 128H194q-82 0-138-40.5T0 865q0-353 124-353 6 0 43.5 21t97.5 42.5T384 597q67 0 133-23-5 37-5 66 0 139 81 256zm1071 637q0 120-73 189.5t-194 69.5H523q-121 0-194-69.5T256 1533q0-53 3.5-103.5t14-109T300 1212t43-97.5 62-81 85.5-53.5T602 960q10 0 43 21.5t73 48 107 48 135 21.5 135-21.5 107-48 73-48 43-21.5q61 0 111.5 20t85.5 53.5 62 81 43 97.5 26.5 108.5 14 109 3.5 103.5zM640 256q0 106-75 181t-181 75-181-75-75-181 75-181T384 0t181 75 75 181zm704 384q0 159-112.5 271.5T960 1024 688.5 911.5 576 640t112.5-271.5T960 256t271.5 112.5T1344 640zm576 225q0 78-56 118.5t-138 40.5h-134q-103-123-265-128 81-117 81-256 0-29-5-66 66 23 133 23 59 0 119-21.5t97.5-42.5 43.5-21q124 0 124 353zm-128-609q0 106-75 181t-181 75-181-75-75-181 75-181 181-75 181 75 75 181z\"><\/path>\n    <\/svg><\/span><\/div>\n                <div data-colibri-id=\"610-c14\" class=\"h-global-transition-all h-heading style-258 style-local-610-c14 position-relative h-element\">\n                  <!---->\n                  <div class=\"h-heading__outer style-258 style-local-610-c14\">\n                    <!---->\n                    <!---->\n                    <h2 class=\"\">SAVJETODAVNI ODBOR<\/h2>\n                  <\/div>\n                <\/div>\n                <div data-colibri-id=\"610-c15\" class=\"h-text h-text-component style-259 style-local-610-c15 position-relative h-element\">\n                  <!---->\n                  <!---->\n                  <div class=\"\">\n                    <p>Ivan G\u00dcTTLER\n                      <br>DHMZ, Hrvatska<\/p>\n                    <p>Iva IVANKOVI\u0106\n                      <br>MZOM, Hrvatska<\/p>\n                    <p>Andrzej JAGUSIEWICZ\n                      <br> EFCA, Poljska<\/p>\n                    <p>Ana LUCI\u0106 VRDOLJAK\n                      <br> IMI, Hrvatska<\/p>\n                    <p>Thomas REICHERT\n                      <br> EFCA, Njema\u010dka<\/p>\n                    <p>Kre\u0161imir \u0160EGA\n                      <br> Hrvatska<\/p>\n                    <p>Vladimira VA\u0110I\u0106\n                      <br> Hrvatska<\/p>\n                    <p><span style=\"color: rgb(23, 37, 42); font-family: &quot;Open Sans&quot;; font-size: 20px; font-weight: 400;\">Nina ZOVKO<\/span>\n                      <br><span style=\"color: rgb(23, 37, 42); font-family: &quot;Open Sans&quot;; font-size: 20px; font-weight: 400; cursor: text;\">MZOZT, Hrvatska<\/span><\/p>\n                  <\/div>\n                <\/div>\n              <\/div>\n            <\/div>\n          <\/div>\n        <\/div>\n      <\/div>\n    <\/div>\n  <\/div>\n  <div data-colibri-component=\"section\" data-colibri-id=\"610-c16\" id=\"custom\" class=\"h-section h-section-global-spacing d-flex align-items-lg-center align-items-md-center align-items-center style-273 style-local-610-c16 position-relative\">\n    <!---->\n    <!---->\n    <div class=\"h-section-grid-container h-section-boxed-container\">\n      <!---->\n      <div data-colibri-id=\"610-c17\" class=\"h-row-container gutters-row-lg-2 gutters-row-md-2 gutters-row-0 gutters-row-v-lg-2 gutters-row-v-md-2 gutters-row-v-2 style-274 style-local-610-c17 position-relative\">\n        <!---->\n        <div class=\"h-row justify-content-lg-center justify-content-md-center justify-content-center align-items-lg-stretch align-items-md-stretch align-items-stretch gutters-col-lg-2 gutters-col-md-2 gutters-col-0 gutters-col-v-lg-2 gutters-col-v-md-2 gutters-col-v-2\">\n          <!---->\n          <div class=\"h-column h-column-container d-flex h-col-lg-auto h-col-md-auto h-col-auto style-275-outer style-local-610-c18-outer\">\n            <div data-colibri-id=\"610-c18\" class=\"d-flex h-flex-basis h-column__inner h-px-lg-2 h-px-md-2 h-px-2 v-inner-lg-2 v-inner-md-2 v-inner-2 style-275 style-local-610-c18 position-relative\">\n              <!---->\n              <!---->\n              <div class=\"w-100 h-y-container h-column__content h-column__v-align flex-basis-100 align-self-lg-start align-self-md-start align-self-start\">\n                <!---->\n                <div data-colibri-id=\"610-c19\" class=\"d-block style-276 style-local-610-c19 position-relative h-element\">\n                  <!---->\n                  <div class=\"h-image__frame-container-outer\">\n                    <div class=\"h-image__frame-container\">\n                      <!---->\n                      <!---->\n                      <img decoding=\"async\" src=\"http:\/\/zastitazraka.imi.hr\/wp-content\/uploads\/2023\/03\/dubrovnik-4169379-1-scaled.jpg\" class=\"wp-image-553 style-276-image style-local-610-c19-image\" alt=\"\" \/>\n                      <div class=\"h-image__frame h-hide-lg h-hide-md h-hide-sm style-276-frameImage style-local-610-c19-frameImage\"><\/div>\n                    <\/div>\n                  <\/div>\n                <\/div>\n              <\/div>\n            <\/div>\n          <\/div>\n        <\/div>\n      <\/div>\n    <\/div>\n  <\/div>\n<\/div>","protected":false},"excerpt":{"rendered":"<p>ZNANSTVENI ODBOR Gordana PEHNEC&nbsp;&#8211; predsjednica IMI, Hrvatska Pasquale AVINO University of Molise, Italija Darijo BRZOJA DHMZ, Hrvatska Konstantinos ELEFTHERIADIS NCSR Demokritos, Gr\u010dka Goran GAJSKI IMI, Hrvatska Selahattin INCECIK Istanbul Technical University, Turska Mario LOVRI\u0106 Know-Center, Austrija Marijana MATEK SARI\u0106 Sveu\u010dili\u0161te u Zadru &#8211; Odjel za zdravstvene studije, Hrvatska Young SUNWOO Konkuk University, Ju\u017ena Koreja Martine [&hellip;]<\/p>\n","protected":false},"author":1,"featured_media":0,"parent":0,"menu_order":0,"comment_status":"closed","ping_status":"closed","template":"page-templates\/full-width-page.php","meta":{"footnotes":""},"class_list":["post-610","page","type-page","status-publish","hentry"],"_links":{"self":[{"href":"https:\/\/zastitazraka.imi.hr\/hr\/wp-json\/wp\/v2\/pages\/610","targetHints":{"allow":["GET"]}}],"collection":[{"href":"https:\/\/zastitazraka.imi.hr\/hr\/wp-json\/wp\/v2\/pages"}],"about":[{"href":"https:\/\/zastitazraka.imi.hr\/hr\/wp-json\/wp\/v2\/types\/page"}],"author":[{"embeddable":true,"href":"https:\/\/zastitazraka.imi.hr\/hr\/wp-json\/wp\/v2\/users\/1"}],"replies":[{"embeddable":true,"href":"https:\/\/zastitazraka.imi.hr\/hr\/wp-json\/wp\/v2\/comments?post=610"}],"version-history":[{"count":20,"href":"https:\/\/zastitazraka.imi.hr\/hr\/wp-json\/wp\/v2\/pages\/610\/revisions"}],"predecessor-version":[{"id":1635,"href":"https:\/\/zastitazraka.imi.hr\/hr\/wp-json\/wp\/v2\/pages\/610\/revisions\/1635"}],"wp:attachment":[{"href":"https:\/\/zastitazraka.imi.hr\/hr\/wp-json\/wp\/v2\/media?parent=610"}],"curies":[{"name":"wp","href":"https:\/\/api.w.org\/{rel}","templated":true}]}}